{"id":1811,"date":"2018-11-28T09:53:09","date_gmt":"2018-11-28T08:53:09","guid":{"rendered":"https:\/\/www.gigasys.it\/support\/?page_id=1811"},"modified":"2019-07-11T11:11:40","modified_gmt":"2019-07-11T09:11:40","slug":"faq","status":"publish","type":"page","link":"https:\/\/www.gigasys.it\/support\/faq\/","title":{"rendered":"FAQ"},"content":{"rendered":"<div class=\"wpb-content-wrapper\"><p>[vc_row row_type=&#8221;row&#8221; stretch_row_type=&#8221;no&#8221;][vc_column][vc_column_text]<\/p>\n<h1>FAQ sulle appliance GIGASYS<\/h1>\n\n<p class=\"has-medium-font-size\">Raccolta delle domande pi\u00f9 frequenti suddivise per categoria.<\/p>\n\n\n<div class=\"wp-block-columns has-2-columns is-layout-flex wp-container-core-columns-is-layout-9d6595d7 wp-block-columns-is-layout-flex\">\n<div class=\"wp-block-column is-layout-flow wp-block-column-is-layout-flow\"><\/div>\n<\/div>\n<p>[\/vc_column_text][\/vc_column][\/vc_row][vc_row row_type=&#8221;row&#8221; stretch_row_type=&#8221;no&#8221;][vc_column]<div class=\"vc_kb_cat_sc sidebar-nav sidebar-widget widget_kb_cat_widget\"><div class=\"display-faq-section\"><h5 class=\"widget-title widget-custom\" style=\"margin-bottom: 25px;\"><span>Categorie FAQ<\/span><\/h5><ul><li class=\"cat-item\"><a href=\"https:\/\/www.gigasys.it\/support\/faq\/standard\/\">Domande comuni<\/a> <span class=\"kb_cat_post_count\" style=\"color:;background:;\">6<\/span><\/li><\/ul><ul><li class=\"cat-item\"><a href=\"https:\/\/www.gigasys.it\/support\/faq\/problemi-comuni\/\">Problemi comuni<\/a> <span class=\"kb_cat_post_count\" style=\"color:;background:;\">11<\/span><\/li><\/ul><ul><li class=\"cat-item\"><a href=\"https:\/\/www.gigasys.it\/support\/faq\/appliance\/\">Software Appliance<\/a> <span class=\"kb_cat_post_count\" style=\"color:;background:;\">6<\/span><\/li><\/ul><\/div><\/div>[\/vc_column][\/vc_row][vc_row row_type=&#8221;row&#8221; stretch_row_type=&#8221;no&#8221;][vc_column][vc_column_text]<\/div>\n\n\n<div class=\"wp-block-column is-layout-flow wp-block-column-is-layout-flow\"><br \/>\nNei problemi comuni \u00e8 possibile trovare una serie di domande su<br \/>\nproblematiche in cui ci si pu\u00f2 imbattere e tutti i passaggi per poter<br \/>\nindividuare il problema e poter agire prontamente.<\/p>\n\n<p> Nelle domande comuni \u00e8 possibile trovare informazioni su come contattarci, sul care pack e sul software.<\/p>\n\n<p><br \/>\n Nella categoria Software Appliance sono riportate le informazioni che<br \/>\nriportano le funzionalit\u00e0 base del sistema come ad esempio il riavvio e<br \/>\n spegnimento o come cambiare la password dell&#8217;amministratore.<\/p>\n<p><\/div>\n<p><\/div>\n\n\n\n<p> Per informazioni e documentazione sulla configurazione visitare anche la sezione <a href=\"\/support\/knowledgebase\">Knowledge Base<\/a> o i <a href=\"\/support\/quick-guide\">Manuali <\/a>presenti sul sito.<\/p>\n<p>[\/vc_column_text][\/vc_column][\/vc_row]<\/p>\n<\/div>","protected":false},"excerpt":{"rendered":"<p>[vc_row row_type=&#8221;row&#8221; stretch_row_type=&#8221;no&#8221;][vc_column][vc_column_text] FAQ sulle appliance GIGASYS Raccolta delle domande pi\u00f9 frequenti suddivise per categoria. [\/vc_column_text][\/vc_column][\/vc_row][vc_row row_type=&#8221;row&#8221; stretch_row_type=&#8221;no&#8221;][vc_column][\/vc_column][\/vc_row][vc_row row_type=&#8221;row&#8221; stretch_row_type=&#8221;no&#8221;][vc_column][vc_column_text] Nei problemi comuni \u00e8 possibile trovare una serie di domande su problematiche in cui ci si pu\u00f2 imbattere e tutti i passaggi per poter individuare il problema e poter agire prontamente. Nelle domande comuni \u00e8 [&hellip;]<\/p>\n","protected":false},"author":1,"featured_media":0,"parent":0,"menu_order":0,"comment_status":"closed","ping_status":"closed","template":"template-page-full-width.php","meta":{"footnotes":""},"class_list":["post-1811","page","type-page","status-publish","hentry"],"_links":{"self":[{"href":"https:\/\/www.gigasys.it\/support\/wp-json\/wp\/v2\/pages\/1811","targetHints":{"allow":["GET"]}}],"collection":[{"href":"https:\/\/www.gigasys.it\/support\/wp-json\/wp\/v2\/pages"}],"about":[{"href":"https:\/\/www.gigasys.it\/support\/wp-json\/wp\/v2\/types\/page"}],"author":[{"embeddable":true,"href":"https:\/\/www.gigasys.it\/support\/wp-json\/wp\/v2\/users\/1"}],"replies":[{"embeddable":true,"href":"https:\/\/www.gigasys.it\/support\/wp-json\/wp\/v2\/comments?post=1811"}],"version-history":[{"count":10,"href":"https:\/\/www.gigasys.it\/support\/wp-json\/wp\/v2\/pages\/1811\/revisions"}],"predecessor-version":[{"id":3448,"href":"https:\/\/www.gigasys.it\/support\/wp-json\/wp\/v2\/pages\/1811\/revisions\/3448"}],"wp:attachment":[{"href":"https:\/\/www.gigasys.it\/support\/wp-json\/wp\/v2\/media?parent=1811"}],"curies":[{"name":"wp","href":"https:\/\/api.w.org\/{rel}","templated":true}]}}